{"id":1140,"date":"2024-11-05T16:33:55","date_gmt":"2024-11-05T09:33:55","guid":{"rendered":"https:\/\/vanthanhgroup.vn\/tuyen-dung"},"modified":"2024-11-27T09:44:22","modified_gmt":"2024-11-27T02:44:22","slug":"recruitment","status":"publish","type":"page","link":"https:\/\/vanthanhgroup.vn\/en\/recruitment","title":{"rendered":"RECRUITMENT"},"content":{"rendered":"  <div id=\"page-header-955062110\" class=\"page-header-wrapper\">\n  <div class=\"page-title dark featured-title\">\n\n        <div class=\"page-title-bg\">\n      <div class=\"title-bg fill bg-fill\"\n        data-parallax-container=\".page-title\"\n        data-parallax-background\n        data-parallax=\"-\">\n      <\/div>\n      <div class=\"title-overlay fill\"><\/div>\n    <\/div>\n    \n    <div class=\"page-title-inner container align-bottom flex-row medium-flex-wrap row-reverse\" >\n            <div class=\"title-content flex-col flex-left text-left medium-text-center\">\n        <div class=\"title-breadcrumbs pb-half pt-half\"><\/div>      <\/div>\n    <\/div>\n\n     \n<style>\n#page-header-955062110 .page-title-inner {\n  min-height: 402px;\n}\n#page-header-955062110 .title-bg {\n  background-image: url(https:\/\/vanthanhgroup.vn\/wp-content\/uploads\/2024\/11\/banner-tuyen-dung.jpg?wsr);\n  background-position: 24% 19%;\n}\n<\/style>\n  <\/div>\n    <\/div>\n  \n\t<section class=\"section\" id=\"section_1093804011\">\n\t\t<div class=\"bg section-bg fill bg-fill bg-loaded bg-loaded\" >\n\n\t\t\t\n\t\t\t\n\t\t\t\n\n\t\t<\/div>\n\n\t\t<div class=\"section-content relative\">\n\t\t\t\n<h1 style=\"text-align: center;\"><span style=\"color: #00b6b4; font-size: 150%;\">TH\u00d4NG TIN TUY\u1ec2N D\u1ee4NG<\/span><\/h1>\n\t<div id=\"gap-456818606\" class=\"gap-element clearfix\" style=\"display:block; height:auto;\">\n\t\t\n<style>\n#gap-456818606 {\n  padding-top: 30px;\n}\n<\/style>\n\t<\/div>\n\t\n<div class=\"row\"  id=\"row-224668067\">\n\n\t<div id=\"col-1778175570\" class=\"col small-12 large-12\"  >\n\t\t<div class=\"col-inner box-shadow-3\"  >\n\t\t\t\n\t\t\t\n<div class=\"row\"  id=\"row-1962672588\">\n\n\t<div id=\"col-408479282\" class=\"col medium-6 small-12 large-6\"  >\n\t\t<div class=\"col-inner\"  >\n\t\t\t\n\t\t\t\n\t<div class=\"img has-hover x md-x lg-x y md-y lg-y\" id=\"image_1508182096\">\n\t\t\t\t\t\t\t\t<div class=\"img-inner image-cover dark\" style=\"padding-top:119%;\">\n\t\t\t<img decoding=\"async\" width=\"554\" height=\"600\" src=\"https:\/\/vanthanhgroup.vn\/wp-content\/uploads\/2024\/11\/img-tuyen-dung.png?wsr\" class=\"attachment-original size-original\" alt=\"\" srcset=\"https:\/\/vanthanhgroup.vn\/wp-content\/uploads\/2024\/11\/img-tuyen-dung.png 554w, https:\/\/vanthanhgroup.vn\/wp-content\/uploads\/2024\/11\/img-tuyen-dung-369x400.png 369w, https:\/\/vanthanhgroup.vn\/wp-content\/uploads\/2024\/11\/img-tuyen-dung-510x552.png 510w\" sizes=\"(max-width: 554px) 100vw, 554px\" \/>\t\t\t\t\t\t\n\t\t\t\t\t<\/div>\n\t\t\t\t\t\t\t\t\n<style>\n#image_1508182096 {\n  width: 100%;\n}\n<\/style>\n\t<\/div>\n\t\n\t\t<\/div>\n\t\t\n<style>\n#col-408479282 > .col-inner {\n  padding: 0px 0px 0px 0px;\n  margin: 0px 0px -46px 0px;\n}\n<\/style>\n\t<\/div>\n\n\t\n\n\t<div id=\"col-1568188602\" class=\"col medium-6 small-12 large-6\"  >\n\t\t<div class=\"col-inner\"  >\n\t\t\t\n\t\t\t\n<div class=\"is-divider divider clearfix\" style=\"max-width:89px;background-color:rgb(249, 191, 72);\"><\/div>\n<h2><span style=\"color: #000000;\"><span style=\"font-size: 100%;\">GI\u1edaI THI\u1ec6U T\u1ed4NG QUAN<\/span><\/span><\/h2>\n<p style=\"text-align: justify;\"><span style=\"color: #000000;\">\u00a0 \u00a0\u00a0 T\u1eadp \u0110o\u00e0n Y Khoa V\u1ea1n Th\u00e0nh \u0111\u01b0\u1ee3c th\u00e0nh l\u1eadp v\u00e0o ng\u00e0y 29 \u2013 10 \u2013 2009, l\u00e0 m\u1ed9t trong nh\u1eefng \u0111\u01a1n v\u1ecb h\u00e0ng \u0111\u1ea7u trong l\u0129nh v\u1ef1c y t\u1ebf v\u00e0 ch\u0103m s\u00f3c s\u1ee9c kh\u1ecfe v\u1edbi h\u01a1n 15 n\u0103m kinh nghi\u1ec7m ho\u1ea1t \u0111\u1ed9ng. Hi\u1ec7n nay, ch\u00fang t\u00f4i s\u1edf h\u1eefu 7 chi nh\u00e1nh Nha Khoa v\u00e0 2 chi nh\u00e1nh \u0110a Khoa tr\u1ea3i r\u1ed9ng tr\u00ean \u0111\u1ecba b\u00e0n t\u1ec9nh \u0110\u1ed3ng Nai v\u00e0 B\u00e0 R\u1ecba \u2013 V\u0169ng T\u00e0u..\u00a0<\/span><\/p>\n<p><span style=\"color: #000000;\">V\u1edbi mong mu\u1ed1n s\u1ebd g\u00f3p ph\u1ea7n x\u00e2y d\u1ef1ng n\u1ec1n gi\u00e1o d\u1ee5c v\u00e0 ch\u0103m s\u00f3c y t\u1ebf c\u1ee7a \u0111\u1ea5t n\u01b0\u1edbc ng\u00e0y c\u00e0ng t\u1ed1t h\u01a1n, g\u00f3p ph\u1ea7n t\u1ea1o n\u00ean m\u1ed9t th\u1ebf h\u1ec7 tr\u1ebb c\u1ee7a Vi\u1ec7t Nam b\u1ea3n l\u0129nh, t\u1ef1 tin, VTG \u0111ang ng\u00e0y c\u00e0ng m\u1edf r\u1ed9ng v\u00e0 ph\u00e1t tri\u1ec3n m\u1ea1nh m\u1ebd. \u0110\u1ec3 th\u1ef1c hi\u1ec7n \u0111\u01b0\u1ee3c s\u1ee9 m\u1ec7nh \u1ea5y, VTG r\u1ea5t c\u1ea7n nh\u1eefng \u0111\u1ed3ng nghi\u1ec7p c\u00f9ng chung ch\u00ed h\u01b0\u1edbng, t\u01b0\u01a1ng \u0111\u1ed3ng v\u1ec1 gi\u00e1 tr\u1ecb.<\/span><\/p>\n<p><span style=\"color: #000000;\">T\u1ea1i VTG, con ng\u01b0\u1eddi \u0111\u01b0\u1ee3c xem l\u00e0 t\u00e0i s\u1ea3n qu\u00fd gi\u00e1 nh\u1ea5t. V\u00ec v\u1eady, ch\u00fang t\u00f4i lu\u00f4n \u0111\u00e1nh gi\u00e1 cao v\u00e0 tr\u00e2n tr\u1ecdng nh\u1eefng \u0111\u00f3ng g\u00f3p, nh\u1eefng n\u1ed7 l\u1ef1c m\u00e0 b\u1ea1n \u0111\u00e3 c\u1ed1ng hi\u1ebfn, lu\u00f4n \u0111\u1ed1i x\u1eed c\u00f4ng b\u1eb1ng v\u1edbi t\u1ea5t c\u1ea3 nh\u00e2n vi\u00ean.<\/span><\/p>\n<p><span style=\"color: #000000;\">H\u00e3y tr\u1edf th\u00e0nh 01 th\u00e0nh vi\u00ean trong ng\u00f4i nh\u00e0 VTG, b\u1ea1n s\u1ebd \u0111\u01b0\u1ee3c th\u1ecfa s\u1ee9c s\u00e1ng t\u1ea1o, \u0111\u01b0\u1ee3c th\u00e1ch th\u1ee9c \u0111\u1ec3 bi\u1ebft r\u1eb1ng kh\u1ea3 n\u0103ng c\u1ee7a m\u00ecnh l\u00e0 kh\u00f4ng c\u00f3 gi\u1edbi h\u1ea1n.<\/span><\/p>\n<p><span style=\"color: #000000;\">Ch\u00fang t\u00f4i ch\u00e0o \u0111\u00f3n b\u1ea1n.<\/span><\/p>\n\t\t<\/div>\n\t\t\n<style>\n#col-1568188602 > .col-inner {\n  padding: 20px 20px 0px 24px;\n}\n<\/style>\n\t<\/div>\n\n\t\n<\/div>\n\t\t<\/div>\n\t\t\t<\/div>\n\n\t\n<\/div>\n\t\t<\/div>\n\n\t\t\n<style>\n#section_1093804011 {\n  padding-top: 30px;\n  padding-bottom: 30px;\n}\n<\/style>\n\t<\/section>\n\t\n<div class=\"row\"  id=\"row-311274989\">\n\n\t<div id=\"col-2050153375\" class=\"col small-12 large-12\"  >\n\t\t<div class=\"col-inner\"  >\n\t\t\t\n\t\t\t\n<h2 style=\"text-align: center;\"><span style=\"color: #00b6b4; font-size: 150%;\">V\u1eca TR\u00cd TUY\u1ec2N D\u1ee4NG<\/span><\/h2>\n\t<div id=\"gap-2098658373\" class=\"gap-element clearfix\" style=\"display:block; height:auto;\">\n\t\t\n<style>\n#gap-2098658373 {\n  padding-top: 30px;\n}\n<\/style>\n\t<\/div>\n\t\n<div class=\"row row-collapse row-divided\"  id=\"row-649933671\">\n\n\t<div id=\"col-29996388\" class=\"col medium-2 small-6 large-2\"  >\n\t\t<div class=\"col-inner\"  >\n\t\t\t\n\t\t\t\n\t<div id=\"text-3004924867\" class=\"text\">\n\t\t\n<h3 style=\"text-align: center;\"><strong>STT<\/strong><\/h3>\n\t\t\n<style>\n#text-3004924867 {\n  color: rgb(255,255,255);\n}\n#text-3004924867 > * {\n  color: rgb(255,255,255);\n}\n<\/style>\n\t<\/div>\n\t\n\t\t<\/div>\n\t\t\t<\/div>\n\n\t\n\n\t<div id=\"col-1885660117\" class=\"col medium-4 small-6 large-4\"  >\n\t\t<div class=\"col-inner\"  >\n\t\t\t\n\t\t\t\n\t<div id=\"text-1487289755\" class=\"text\">\n\t\t\n<h3 style=\"text-align: center;\"><strong>V\u1eca TR\u00cd TUY\u1ec2N D\u1ee4NG<\/strong><\/h3>\n\t\t\n<style>\n#text-1487289755 {\n  color: rgb(255,255,255);\n}\n#text-1487289755 > * {\n  color: rgb(255,255,255);\n}\n<\/style>\n\t<\/div>\n\t\n\t\t<\/div>\n\t\t\t<\/div>\n\n\t\n\n\t<div id=\"col-1699222659\" class=\"col medium-2 small-6 large-2\"  >\n\t\t<div class=\"col-inner\"  >\n\t\t\t\n\t\t\t\n\t<div id=\"text-4239055350\" class=\"text\">\n\t\t\n<h3 style=\"text-align: center;\"><strong>S\u1ed0 L\u01af\u1ee2NG<\/strong><\/h3>\n\t\t\n<style>\n#text-4239055350 {\n  color: rgb(255,255,255);\n}\n#text-4239055350 > * {\n  color: rgb(255,255,255);\n}\n<\/style>\n\t<\/div>\n\t\n\t\t<\/div>\n\t\t\t<\/div>\n\n\t\n\n\t<div id=\"col-223482409\" class=\"col medium-2 small-6 large-2\"  >\n\t\t<div class=\"col-inner\"  >\n\t\t\t\n\t\t\t\n\t<div id=\"text-3362030582\" class=\"text\">\n\t\t\n<h3 style=\"text-align: center;\"><strong>KHU V\u1ef0C<\/strong><\/h3>\n\t\t\n<style>\n#text-3362030582 {\n  color: rgb(255,255,255);\n}\n#text-3362030582 > * {\n  color: rgb(255,255,255);\n}\n<\/style>\n\t<\/div>\n\t\n\t\t<\/div>\n\t\t\t<\/div>\n\n\t\n\n\t<div id=\"col-1898522725\" class=\"col medium-2 small-12 large-2\"  >\n\t\t<div class=\"col-inner\"  >\n\t\t\t\n\t\t\t\n\t<div id=\"text-2586265003\" class=\"text\">\n\t\t\n<h3 style=\"text-align: center;\"><strong>TH\u1edcI H\u1ea0N<\/strong><\/h3>\n\t\t\n<style>\n#text-2586265003 {\n  color: rgb(255,255,255);\n}\n#text-2586265003 > * {\n  color: rgb(255,255,255);\n}\n<\/style>\n\t<\/div>\n\t\n\t\t<\/div>\n\t\t\t<\/div>\n\n\t\n\n<style>\n#row-649933671 > .col > .col-inner {\n  padding: 14px 0px 7px 0px;\n  background-color: rgb(0, 0, 0);\n}\n<\/style>\n<\/div>\n\t\t<\/div>\n\t\t\n<style>\n#col-2050153375 > .col-inner {\n  padding: 0px 0px 0px 0px;\n}\n<\/style>\n\t<\/div>\n\n\t\n<\/div>\n","protected":false},"excerpt":{"rendered":"","protected":false},"author":1,"featured_media":0,"parent":0,"menu_order":0,"comment_status":"closed","ping_status":"closed","template":"page-blank.php","meta":{"footnotes":""},"_links":{"self":[{"href":"https:\/\/vanthanhgroup.vn\/en\/wp-json\/wp\/v2\/pages\/1140"}],"collection":[{"href":"https:\/\/vanthanhgroup.vn\/en\/wp-json\/wp\/v2\/pages"}],"about":[{"href":"https:\/\/vanthanhgroup.vn\/en\/wp-json\/wp\/v2\/types\/page"}],"author":[{"embeddable":true,"href":"https:\/\/vanthanhgroup.vn\/en\/wp-json\/wp\/v2\/users\/1"}],"replies":[{"embeddable":true,"href":"https:\/\/vanthanhgroup.vn\/en\/wp-json\/wp\/v2\/comments?post=1140"}],"version-history":[{"count":2,"href":"https:\/\/vanthanhgroup.vn\/en\/wp-json\/wp\/v2\/pages\/1140\/revisions"}],"predecessor-version":[{"id":1190,"href":"https:\/\/vanthanhgroup.vn\/en\/wp-json\/wp\/v2\/pages\/1140\/revisions\/1190"}],"wp:attachment":[{"href":"https:\/\/vanthanhgroup.vn\/en\/wp-json\/wp\/v2\/media?parent=1140"}],"curies":[{"name":"wp","href":"https:\/\/api.w.org\/{rel}","templated":true}]}}