{"id":1130,"date":"2024-11-13T09:13:15","date_gmt":"2024-11-13T02:13:15","guid":{"rendered":"https:\/\/vanthanhgroup.vn\/phan-phoi-2"},"modified":"2024-11-30T00:25:32","modified_gmt":"2024-11-29T17:25:32","slug":"phan-phoi","status":"publish","type":"page","link":"https:\/\/vanthanhgroup.vn\/en\/phan-phoi","title":{"rendered":"Ph\u00e2n ph\u1ed1i"},"content":{"rendered":"\t<section class=\"section\" id=\"section_2028747945\">\n\t\t<div class=\"bg section-bg fill bg-fill bg-loaded bg-loaded\" >\n\n\t\t\t\n\t\t\t\n\t\t\t\n\n\t\t<\/div>\n\n\t\t<div class=\"section-content relative\">\n\t\t\t\n\n  <div class=\"banner has-hover\" id=\"banner-208464926\">\n          <div class=\"banner-inner fill\">\n        <div class=\"banner-bg fill\" >\n            <div class=\"bg fill bg-fill bg-loaded\"><\/div>\n                                    \n                    <\/div>\n        <div class=\"banner-layers container\">\n            <div class=\"fill banner-link\"><\/div>            \n   <div id=\"text-box-1802209344\" class=\"text-box banner-layer x50 md-x50 lg-x50 y50 md-y50 lg-y50 res-text\">\n                                <div class=\"text dark\">\n              \n              <div class=\"text-inner text-center\">\n                  \n<h1>PH\u00c2N PH\u1ed0I<\/h1>\n              <\/div>\n           <\/div>\n                            \n<style>\n#text-box-1802209344 {\n  width: 60%;\n}\n#text-box-1802209344 .text {\n  font-size: 100%;\n}\n<\/style>\n    <\/div>\n \n        <\/div>\n      <\/div>\n\n            \n<style>\n#banner-208464926 {\n  padding-top: 500px;\n}\n#banner-208464926 .bg.bg-loaded {\n  background-image: url(https:\/\/vanthanhgroup.vn\/wp-content\/uploads\/2024\/11\/img-phan-phoi-1.png?wsr);\n}\n<\/style>\n  <\/div>\n\n\n\t\t<\/div>\n\n\t\t\n<style>\n#section_2028747945 {\n  padding-top: 0px;\n  padding-bottom: 0px;\n}\n<\/style>\n\t<\/section>\n\t\n<div class=\"row\"  id=\"row-1247846691\">\n\n\t<div id=\"col-355394687\" class=\"col small-12 large-12\"  >\n\t\t<div class=\"col-inner\"  >\n\t\t\t\n\t\t\t\n<div class=\"container section-title-container\" ><h2 class=\"section-title section-title-normal\"><b><\/b><span class=\"section-title-main\" style=\"color:rgb(0, 182, 180);\">PH\u00c2N PH\u1ed0I THI\u1ebeT B\u1eca Y T\u1ebe<\/span><b><\/b><\/h2><\/div>\n\n\t\t<div class=\"tabbed-content\">\n\t\t\t\n\t\t\t<ul class=\"nav nav-tabs nav-uppercase nav-size-normal nav-left\"><li class=\"tab active has-icon\"><a href=\"#tab_khoa-chu\u1ea8n-\u0110o\u00c1n-h\u00ccnh-\u1ea2nh\"><span>KHOA CHU\u1ea8N \u0110O\u00c1N H\u00ccNH \u1ea2NH<\/span><\/a><\/li>\n<li class=\"tab has-icon\"><a href=\"#tab_khoa-ki\u1ec2m-so\u00c1t-nhi\u1ec4m-khu\u1ea8n\"><span>KHOA KI\u1ec2M SO\u00c1T NHI\u1ec4M KHU\u1ea8N<\/span><\/a><\/li>\n<li class=\"tab has-icon\"><a href=\"#tab_khoa-g\u00c2y-m\u00ca-h\u1ed2i-s\u1ee8c-c\u1ea4p-c\u1ee8u\"><span>KHOA G\u00c2Y M\u00ca H\u1ed2I S\u1ee8C C\u1ea4P C\u1ee8U<\/span><\/a><\/li>\n<li class=\"tab has-icon\"><a href=\"#tab_ph\u00d2ng-m\u1ed4\"><span>PH\u00d2NG M\u1ed4<\/span><\/a><\/li><\/ul><div class=\"tab-panels\"><div class=\"panel active entry-content\" id=\"tab_khoa-chu\u1ea8n-\u0110o\u00c1n-h\u00ccnh-\u1ea2nh\">\n<div class=\"row row-large\"  id=\"row-482405126\">\n\n\t<div id=\"col-1416991857\" class=\"col medium-3 small-6 large-3\"  >\n\t\t<div class=\"col-inner\"  >\n\t\t\t\n\t\t\t\n\t<div class=\"box has-hover   has-hover box-text-bottom\" >\n\n\t\t<div class=\"box-image\" >\n\t\t\t\t\t\t<div class=\"image-zoom\" >\n\t\t\t\t<img decoding=\"async\" width=\"871\" height=\"686\" src=\"https:\/\/vanthanhgroup.vn\/wp-content\/uploads\/2024\/11\/1686782180_icon-chan-doan-hinh-anh-21.png?wsr\" class=\"attachment- size-\" alt=\"\" srcset=\"https:\/\/vanthanhgroup.vn\/wp-content\/uploads\/2024\/11\/1686782180_icon-chan-doan-hinh-anh-21.png 871w, https:\/\/vanthanhgroup.vn\/wp-content\/uploads\/2024\/11\/1686782180_icon-chan-doan-hinh-anh-21-508x400.png 508w, https:\/\/vanthanhgroup.vn\/wp-content\/uploads\/2024\/11\/1686782180_icon-chan-doan-hinh-anh-21-768x605.png 768w\" sizes=\"(max-width: 871px) 100vw, 871px\" \/>\t\t\t\t\t\t\t\t\t\t\t<\/div>\n\t\t\t\t\t<\/div>\n\n\t\t<div class=\"box-text text-center\" >\n\t\t\t<div class=\"box-text-inner\">\n\t\t\t\t\n<h5 class=\"font14  productOverview\">H\u1ec7 th\u1ed1ng ch\u1ee5p ch\u1ee5p c\u1ed9ng h\u01b0\u1edfng t\u1eeb MRI<\/h5>\n\t\t\t<\/div>\n\t\t<\/div>\n\t<\/div>\n\t\n\t\t<\/div>\n\t\t\t<\/div>\n\n\t\n\n\t<div id=\"col-1769330416\" class=\"col medium-3 small-6 large-3\"  >\n\t\t<div class=\"col-inner\"  >\n\t\t\t\n\t\t\t\n\t<div class=\"box has-hover   has-hover box-text-bottom\" >\n\n\t\t<div class=\"box-image\" >\n\t\t\t\t\t\t<div class=\"image-zoom\" >\n\t\t\t\t<img decoding=\"async\" width=\"871\" height=\"686\" src=\"https:\/\/vanthanhgroup.vn\/wp-content\/uploads\/2024\/11\/1713865918_128-1.png?wsr\" class=\"attachment- size-\" alt=\"\" srcset=\"https:\/\/vanthanhgroup.vn\/wp-content\/uploads\/2024\/11\/1713865918_128-1.png 871w, https:\/\/vanthanhgroup.vn\/wp-content\/uploads\/2024\/11\/1713865918_128-1-508x400.png 508w, https:\/\/vanthanhgroup.vn\/wp-content\/uploads\/2024\/11\/1713865918_128-1-768x605.png 768w\" sizes=\"(max-width: 871px) 100vw, 871px\" \/>\t\t\t\t\t\t\t\t\t\t\t<\/div>\n\t\t\t\t\t<\/div>\n\n\t\t<div class=\"box-text text-center\" >\n\t\t\t<div class=\"box-text-inner\">\n\t\t\t\t\n<h5 class=\"font14  productOverview\">H\u1ec7 th\u1ed1ng ch\u1ee5p c\u1eaft l\u1edbp vi t\u00ednh CT<\/h5>\n\t\t\t<\/div>\n\t\t<\/div>\n\t<\/div>\n\t\n\t\t<\/div>\n\t\t\t<\/div>\n\n\t\n\n\t<div id=\"col-1595827660\" class=\"col medium-3 small-6 large-3\"  >\n\t\t<div class=\"col-inner\"  >\n\t\t\t\n\t\t\t\n\t<div class=\"box has-hover   has-hover box-text-bottom\" >\n\n\t\t<div class=\"box-image\" >\n\t\t\t\t\t\t<div class=\"image-zoom\" >\n\t\t\t\t<img decoding=\"async\" width=\"871\" height=\"686\" src=\"https:\/\/vanthanhgroup.vn\/wp-content\/uploads\/2024\/11\/Icon-Chan-doan-hinh-anh-23.png?wsr\" class=\"attachment- size-\" alt=\"\" srcset=\"https:\/\/vanthanhgroup.vn\/wp-content\/uploads\/2024\/11\/Icon-Chan-doan-hinh-anh-23.png 871w, https:\/\/vanthanhgroup.vn\/wp-content\/uploads\/2024\/11\/Icon-Chan-doan-hinh-anh-23-508x400.png 508w, https:\/\/vanthanhgroup.vn\/wp-content\/uploads\/2024\/11\/Icon-Chan-doan-hinh-anh-23-768x605.png 768w\" sizes=\"(max-width: 871px) 100vw, 871px\" \/>\t\t\t\t\t\t\t\t\t\t\t<\/div>\n\t\t\t\t\t<\/div>\n\n\t\t<div class=\"box-text text-center\" >\n\t\t\t<div class=\"box-text-inner\">\n\t\t\t\t\n<h5 class=\"font14  productOverview\">H\u1ec7 th\u1ed1ng ch\u1ee5p X-quang<\/h5>\n\t\t\t<\/div>\n\t\t<\/div>\n\t<\/div>\n\t\n\t\t<\/div>\n\t\t\t<\/div>\n\n\t\n\n\t<div id=\"col-60319690\" class=\"col medium-3 small-6 large-3\"  >\n\t\t<div class=\"col-inner\"  >\n\t\t\t\n\t\t\t\n\t<div class=\"box has-hover   has-hover box-text-bottom\" >\n\n\t\t<div class=\"box-image\" >\n\t\t\t\t\t\t<div class=\"image-zoom\" >\n\t\t\t\t<img decoding=\"async\" width=\"860\" height=\"592\" src=\"https:\/\/vanthanhgroup.vn\/wp-content\/uploads\/2024\/11\/Icon-CR-Prima-Tm-34.png?wsr\" class=\"attachment- size-\" alt=\"\" srcset=\"https:\/\/vanthanhgroup.vn\/wp-content\/uploads\/2024\/11\/Icon-CR-Prima-Tm-34.png 860w, https:\/\/vanthanhgroup.vn\/wp-content\/uploads\/2024\/11\/Icon-CR-Prima-Tm-34-581x400.png 581w, https:\/\/vanthanhgroup.vn\/wp-content\/uploads\/2024\/11\/Icon-CR-Prima-Tm-34-768x529.png 768w\" sizes=\"(max-width: 860px) 100vw, 860px\" \/>\t\t\t\t\t\t\t\t\t\t\t<\/div>\n\t\t\t\t\t<\/div>\n\n\t\t<div class=\"box-text text-center\" >\n\t\t\t<div class=\"box-text-inner\">\n\t\t\t\t\n<h5 class=\"font14  productOverview\">H\u1ec7 th\u1ed1ng X-quang s\u1ed1 h\u00f3a CR<\/h5>\n\t\t\t<\/div>\n\t\t<\/div>\n\t<\/div>\n\t\n\t\t<\/div>\n\t\t\t<\/div>\n\n\t\n\n\t<div id=\"col-1646584137\" class=\"col medium-3 small-6 large-3\"  >\n\t\t<div class=\"col-inner\"  >\n\t\t\t\n\t\t\t\n\t<div class=\"box has-hover   has-hover box-text-bottom\" >\n\n\t\t<div class=\"box-image\" >\n\t\t\t\t\t\t<div class=\"image-zoom\" >\n\t\t\t\t<img decoding=\"async\" width=\"871\" height=\"686\" src=\"https:\/\/vanthanhgroup.vn\/wp-content\/uploads\/2024\/11\/Icon-Aero-DR-42.png?wsr\" class=\"attachment- size-\" alt=\"\" srcset=\"https:\/\/vanthanhgroup.vn\/wp-content\/uploads\/2024\/11\/Icon-Aero-DR-42.png 871w, https:\/\/vanthanhgroup.vn\/wp-content\/uploads\/2024\/11\/Icon-Aero-DR-42-508x400.png 508w, https:\/\/vanthanhgroup.vn\/wp-content\/uploads\/2024\/11\/Icon-Aero-DR-42-768x605.png 768w\" sizes=\"(max-width: 871px) 100vw, 871px\" \/>\t\t\t\t\t\t\t\t\t\t\t<\/div>\n\t\t\t\t\t<\/div>\n\n\t\t<div class=\"box-text text-center\" >\n\t\t\t<div class=\"box-text-inner\">\n\t\t\t\t\n<h5 class=\"font14  productOverview\">H\u1ec7 th\u1ed1ng X-quang k\u1ef9 thu\u1eadt s\u1ed1 DR<\/h5>\n\t\t\t<\/div>\n\t\t<\/div>\n\t<\/div>\n\t\n\t\t<\/div>\n\t\t\t<\/div>\n\n\t\n\n\t<div id=\"col-1077736112\" class=\"col medium-3 small-6 large-3\"  >\n\t\t<div class=\"col-inner\"  >\n\t\t\t\n\t\t\t\n\t<div class=\"box has-hover   has-hover box-text-bottom\" >\n\n\t\t<div class=\"box-image\" >\n\t\t\t\t\t\t<div class=\"image-zoom\" >\n\t\t\t\t<img decoding=\"async\" width=\"871\" height=\"685\" src=\"https:\/\/vanthanhgroup.vn\/wp-content\/uploads\/2024\/11\/Icon-Chan-doan-hinh-anh-25-1.png?wsr\" class=\"attachment- size-\" alt=\"\" srcset=\"https:\/\/vanthanhgroup.vn\/wp-content\/uploads\/2024\/11\/Icon-Chan-doan-hinh-anh-25-1.png 871w, https:\/\/vanthanhgroup.vn\/wp-content\/uploads\/2024\/11\/Icon-Chan-doan-hinh-anh-25-1-509x400.png 509w, https:\/\/vanthanhgroup.vn\/wp-content\/uploads\/2024\/11\/Icon-Chan-doan-hinh-anh-25-1-768x604.png 768w\" sizes=\"(max-width: 871px) 100vw, 871px\" \/>\t\t\t\t\t\t\t\t\t\t\t<\/div>\n\t\t\t\t\t<\/div>\n\n\t\t<div class=\"box-text text-center\" >\n\t\t\t<div class=\"box-text-inner\">\n\t\t\t\t\n<h5 class=\"font14  productOverview\">M\u00e1y in phim<\/h5>\n\t\t\t<\/div>\n\t\t<\/div>\n\t<\/div>\n\t\n\t\t<\/div>\n\t\t\t<\/div>\n\n\t\n\n\t<div id=\"col-1186121476\" class=\"col medium-3 small-6 large-3\"  >\n\t\t<div class=\"col-inner\"  >\n\t\t\t\n\t\t\t\n\t<div class=\"box has-hover   has-hover box-text-bottom\" >\n\n\t\t<div class=\"box-image\" >\n\t\t\t\t\t\t<div class=\"image-zoom\" >\n\t\t\t\t<img decoding=\"async\" width=\"871\" height=\"686\" src=\"https:\/\/vanthanhgroup.vn\/wp-content\/uploads\/2024\/11\/Icon-Bom-tiem-24.png?wsr\" class=\"attachment- size-\" alt=\"\" srcset=\"https:\/\/vanthanhgroup.vn\/wp-content\/uploads\/2024\/11\/Icon-Bom-tiem-24.png 871w, https:\/\/vanthanhgroup.vn\/wp-content\/uploads\/2024\/11\/Icon-Bom-tiem-24-508x400.png 508w, https:\/\/vanthanhgroup.vn\/wp-content\/uploads\/2024\/11\/Icon-Bom-tiem-24-768x605.png 768w\" sizes=\"(max-width: 871px) 100vw, 871px\" \/>\t\t\t\t\t\t\t\t\t\t\t<\/div>\n\t\t\t\t\t<\/div>\n\n\t\t<div class=\"box-text text-center\" >\n\t\t\t<div class=\"box-text-inner\">\n\t\t\t\t\n<h5 class=\"font14  productOverview\">B\u01a1m ti\u00eam<\/h5>\n\t\t\t<\/div>\n\t\t<\/div>\n\t<\/div>\n\t\n\t\t<\/div>\n\t\t\t<\/div>\n\n\t\n\n\t<div id=\"col-481703356\" class=\"col medium-3 small-6 large-3\"  >\n\t\t<div class=\"col-inner\"  >\n\t\t\t\n\t\t\t\n\t<div class=\"box has-hover   has-hover box-text-bottom\" >\n\n\t\t<div class=\"box-image\" >\n\t\t\t\t\t\t<div class=\"image-zoom\" >\n\t\t\t\t<img decoding=\"async\" width=\"872\" height=\"685\" src=\"https:\/\/vanthanhgroup.vn\/wp-content\/uploads\/2024\/11\/1711072429_ar750di.png?wsr\" class=\"attachment- size-\" alt=\"\" srcset=\"https:\/\/vanthanhgroup.vn\/wp-content\/uploads\/2024\/11\/1711072429_ar750di.png 872w, https:\/\/vanthanhgroup.vn\/wp-content\/uploads\/2024\/11\/1711072429_ar750di-509x400.png 509w, https:\/\/vanthanhgroup.vn\/wp-content\/uploads\/2024\/11\/1711072429_ar750di-768x603.png 768w\" sizes=\"(max-width: 872px) 100vw, 872px\" \/>\t\t\t\t\t\t\t\t\t\t\t<\/div>\n\t\t\t\t\t<\/div>\n\n\t\t<div class=\"box-text text-center\" >\n\t\t\t<div class=\"box-text-inner\">\n\t\t\t\t\n<h5 class=\"font14  productOverview\">Si\u00eau \u00e2m chu\u1ea9n \u0111o\u00e1n<\/h5>\n\t\t\t<\/div>\n\t\t<\/div>\n\t<\/div>\n\t\n\t\t<\/div>\n\t\t\t<\/div>\n\n\t\n<\/div>\n<\/div>\n<div class=\"panel entry-content\" id=\"tab_khoa-ki\u1ec2m-so\u00c1t-nhi\u1ec4m-khu\u1ea8n\">\n<\/div>\n<div class=\"panel entry-content\" id=\"tab_khoa-g\u00c2y-m\u00ca-h\u1ed2i-s\u1ee8c-c\u1ea4p-c\u1ee8u\">\n<\/div>\n<div class=\"panel entry-content\" id=\"tab_ph\u00d2ng-m\u1ed4\">\n<\/div><\/div><\/div>\n\t\t<\/div>\n\t\t\t<\/div>\n\n\t\n<\/div>\n\t<section class=\"section\" id=\"section_1496359728\">\n\t\t<div class=\"bg section-bg fill bg-fill bg-loaded bg-loaded\" >\n\n\t\t\t\n\t\t\t<div class=\"section-bg-overlay absolute fill\"><\/div>\n\t\t\t\n\n\t\t<\/div>\n\n\t\t<div class=\"section-content relative\">\n\t\t\t\n\t<div id=\"gap-239683419\" class=\"gap-element clearfix\" style=\"display:block; height:auto;\">\n\t\t\n<style>\n#gap-239683419 {\n  padding-top: 34px;\n}\n<\/style>\n\t<\/div>\n\t\n<div class=\"row\"  id=\"row-974362374\">\n\n\t<div id=\"col-649957373\" class=\"col medium-9 small-12 large-9\"  >\n\t\t<div class=\"col-inner\"  >\n\t\t\t\n\t\t\t\n\t<div id=\"text-2453648116\" class=\"text\">\n\t\t\n<h2 style=\"text-align: left;\"><span style=\"font-size: 115%;\">B\u1ea1n c\u1ea7n ch\u00fang t\u00f4i t\u01b0 v\u1ea5n v\u1ec1 s\u1ea3n ph\u1ea9m kh\u00f4ng?<\/span><\/h2>\n\t\t\n<style>\n#text-2453648116 {\n  text-align: left;\n  color: rgb(255,255,255);\n}\n#text-2453648116 > * {\n  color: rgb(255,255,255);\n}\n<\/style>\n\t<\/div>\n\t\n\t\t<\/div>\n\t\t\t<\/div>\n\n\t\n\n\t<div id=\"col-1427693424\" class=\"col medium-3 small-12 large-3\"  >\n\t\t<div class=\"col-inner\"  >\n\t\t\t\n\t\t\t\n<a class=\"button primary expand\"  style=\"border-radius:99px;\">\n    <span>LI\u00caN H\u1ec6 NGAY<\/span>\n  <\/a>\n\n\t\t<\/div>\n\t\t\t<\/div>\n\n\t\n<\/div>\n\t\t<\/div>\n\n\t\t\n<style>\n#section_1496359728 {\n  padding-top: 0px;\n  padding-bottom: 0px;\n}\n#section_1496359728 .section-bg-overlay {\n  background-color: rgb(0, 182, 180);\n}\n<\/style>\n\t<\/section>\n\t\n","protected":false},"excerpt":{"rendered":"","protected":false},"author":4,"featured_media":0,"parent":0,"menu_order":0,"comment_status":"closed","ping_status":"closed","template":"page-blank.php","meta":{"footnotes":""},"_links":{"self":[{"href":"https:\/\/vanthanhgroup.vn\/en\/wp-json\/wp\/v2\/pages\/1130"}],"collection":[{"href":"https:\/\/vanthanhgroup.vn\/en\/wp-json\/wp\/v2\/pages"}],"about":[{"href":"https:\/\/vanthanhgroup.vn\/en\/wp-json\/wp\/v2\/types\/page"}],"author":[{"embeddable":true,"href":"https:\/\/vanthanhgroup.vn\/en\/wp-json\/wp\/v2\/users\/4"}],"replies":[{"embeddable":true,"href":"https:\/\/vanthanhgroup.vn\/en\/wp-json\/wp\/v2\/comments?post=1130"}],"version-history":[{"count":5,"href":"https:\/\/vanthanhgroup.vn\/en\/wp-json\/wp\/v2\/pages\/1130\/revisions"}],"predecessor-version":[{"id":1392,"href":"https:\/\/vanthanhgroup.vn\/en\/wp-json\/wp\/v2\/pages\/1130\/revisions\/1392"}],"wp:attachment":[{"href":"https:\/\/vanthanhgroup.vn\/en\/wp-json\/wp\/v2\/media?parent=1130"}],"curies":[{"name":"wp","href":"https:\/\/api.w.org\/{rel}","templated":true}]}}